{"id":1781,"date":"2024-06-28T18:07:51","date_gmt":"2024-06-28T16:07:51","guid":{"rendered":"https:\/\/alecto-capital.info\/contact\/"},"modified":"2024-11-14T22:37:16","modified_gmt":"2024-11-14T21:37:16","slug":"contact","status":"publish","type":"page","link":"https:\/\/alecto-capital.info\/en\/contact\/","title":{"rendered":"Contact"},"content":{"rendered":"<div class=\"fusion-fullwidth fullwidth-box fusion-builder-row-1 fusion-flex-container has-pattern-background has-mask-background nonhundred-percent-fullwidth non-hundred-percent-height-scrolling fusion-animated\" style=\"--awb-border-radius-top-left:0px;--awb-border-radius-top-right:0px;--awb-border-radius-bottom-right:0px;--awb-border-radius-bottom-left:0px;--awb-flex-wrap:wrap;\" data-animationType=\"fadeIn\" data-animationDuration=\"1.0\" data-animationOffset=\"top-into-view\" ><div class=\"fusion-builder-row fusion-row fusion-flex-align-items-flex-start fusion-flex-content-wrap\" style=\"max-width:1560px;margin-left: calc(-4% \/ 2 );margin-right: calc(-4% \/ 2 );\"><div class=\"fusion-layout-column fusion_builder_column fusion-builder-column-0 fusion_builder_column_1_1 1_1 fusion-flex-column\" style=\"--awb-bg-size:cover;--awb-width-large:100%;--awb-margin-top-large:0px;--awb-spacing-right-large:1.92%;--awb-margin-bottom-large:20px;--awb-spacing-left-large:1.92%;--awb-width-medium:100%;--awb-order-medium:0;--awb-spacing-right-medium:1.92%;--awb-spacing-left-medium:1.92%;--awb-width-small:100%;--awb-order-small:0;--awb-spacing-right-small:1.92%;--awb-spacing-left-small:1.92%;\"><div class=\"fusion-column-wrapper fusion-column-has-shadow fusion-flex-justify-content-flex-start fusion-content-layout-column\"><div class=\"fusion-title title fusion-title-1 fusion-sep-none fusion-title-text fusion-title-size-one\"><h1 class=\"fusion-title-heading title-heading-left fusion-responsive-typography-calculated\" style=\"margin:0;text-transform:uppercase;--fontSize:60;line-height:1.33;\">Contact<\/h1><\/div><div class=\"wpforms-container wpforms-container-full wpforms-render-modern\" id=\"wpforms-1770\"><form id=\"wpforms-form-1770\" class=\"wpforms-validate wpforms-form wpforms-ajax-form\" data-formid=\"1770\" method=\"post\" enctype=\"multipart\/form-data\" action=\"\/en\/wp-json\/wp\/v2\/pages\/1781\" data-token=\"d4ec9896481d2f2fa683c667ed6b6022\" data-token-time=\"1777384324\"><noscript class=\"wpforms-error-noscript\">Please enable JavaScript in your browser to complete this form.<\/noscript><div id=\"wpforms-error-noscript\" style=\"display: none;\">Please enable JavaScript in your browser to complete this form.<\/div><div class=\"wpforms-field-container\"><div id=\"wpforms-1770-field_12-container\" class=\"wpforms-field wpforms-field-name\" data-field-id=\"12\"><fieldset><legend class=\"wpforms-field-label\">First Name \/ Last Name <span class=\"wpforms-required-label\" aria-hidden=\"true\">*<\/span><\/legend><div class=\"wpforms-field-row wpforms-field-large\"><div class=\"wpforms-field-row-block wpforms-first wpforms-one-half\"><input type=\"text\" id=\"wpforms-1770-field_12\" class=\"wpforms-field-name-first wpforms-field-required\" name=\"wpforms[fields][12][first]\" aria-errormessage=\"wpforms-1770-field_12-error\" required><label for=\"wpforms-1770-field_12\" class=\"wpforms-field-sublabel after\">First<\/label><\/div><div class=\"wpforms-field-row-block wpforms-one-half\"><input type=\"text\" id=\"wpforms-1770-field_12-last\" class=\"wpforms-field-name-last wpforms-field-required\" name=\"wpforms[fields][12][last]\" aria-errormessage=\"wpforms-1770-field_12-last-error\" required><label for=\"wpforms-1770-field_12-last\" class=\"wpforms-field-sublabel after\">Last<\/label><\/div><\/div><\/fieldset><\/div><div id=\"wpforms-1770-field_2-container\" class=\"wpforms-field wpforms-field-text\" data-field-id=\"2\"><label class=\"wpforms-field-label\" for=\"wpforms-1770-field_2\">Company<\/label><input type=\"text\" id=\"wpforms-1770-field_2\" class=\"wpforms-field-large\" name=\"wpforms[fields][2]\" aria-errormessage=\"wpforms-1770-field_2-error\" ><\/div><div id=\"wpforms-1770-field_3-container\" class=\"wpforms-field wpforms-field-text\" data-field-id=\"3\"><label class=\"wpforms-field-label\" for=\"wpforms-1770-field_3\">Shareholder Number  <span class=\"wpforms-required-label\" aria-hidden=\"true\">*<\/span><\/label><input type=\"text\" id=\"wpforms-1770-field_3\" class=\"wpforms-field-large wpforms-field-required\" name=\"wpforms[fields][3]\" aria-errormessage=\"wpforms-1770-field_3-error\" required><\/div><div id=\"wpforms-1770-field_16-container\" class=\"wpforms-field wpforms-field-text\" data-field-id=\"16\"><label class=\"wpforms-field-label\" for=\"wpforms-1770-field_16\">Street  <span class=\"wpforms-required-label\" aria-hidden=\"true\">*<\/span><\/label><input type=\"text\" id=\"wpforms-1770-field_16\" class=\"wpforms-field-large wpforms-field-required\" name=\"wpforms[fields][16]\" aria-errormessage=\"wpforms-1770-field_16-error\" required><\/div><div id=\"wpforms-1770-field_17-container\" class=\"wpforms-field wpforms-field-text\" data-field-id=\"17\"><label class=\"wpforms-field-label\" for=\"wpforms-1770-field_17\">Postal Code  <span class=\"wpforms-required-label\" aria-hidden=\"true\">*<\/span><\/label><input type=\"text\" id=\"wpforms-1770-field_17\" class=\"wpforms-field-large wpforms-field-required\" name=\"wpforms[fields][17]\" aria-errormessage=\"wpforms-1770-field_17-error\" required><\/div><div id=\"wpforms-1770-field_18-container\" class=\"wpforms-field wpforms-field-text\" data-field-id=\"18\"><label class=\"wpforms-field-label\" for=\"wpforms-1770-field_18\">City <span class=\"wpforms-required-label\" aria-hidden=\"true\">*<\/span><\/label><input type=\"text\" id=\"wpforms-1770-field_18\" class=\"wpforms-field-large wpforms-field-required\" name=\"wpforms[fields][18]\" aria-errormessage=\"wpforms-1770-field_18-error\" required><\/div><div id=\"wpforms-1770-field_19-container\" class=\"wpforms-field wpforms-field-email\" data-field-id=\"19\"><fieldset><legend class=\"wpforms-field-label\">Email Address  <span class=\"wpforms-required-label\" aria-hidden=\"true\">*<\/span><\/legend><div class=\"wpforms-field-row wpforms-field-large\"><div class=\"wpforms-field-row-block wpforms-one-half wpforms-first\"><input type=\"email\" id=\"wpforms-1770-field_19\" class=\"wpforms-field-required wpforms-field-email-primary\" name=\"wpforms[fields][19][primary]\" spellcheck=\"false\" aria-errormessage=\"wpforms-1770-field_19-error\" required><label for=\"wpforms-1770-field_19\" class=\"wpforms-field-sublabel after\">Email<\/label><\/div><div class=\"wpforms-field-row-block wpforms-one-half\"><input type=\"email\" id=\"wpforms-1770-field_19-secondary\" class=\"wpforms-field-email-secondary wpforms-field-required\" data-rule-confirm=\"#wpforms-1770-field_19\" name=\"wpforms[fields][19][secondary]\" spellcheck=\"false\" aria-errormessage=\"wpforms-1770-field_19-secondary-error\" required><label for=\"wpforms-1770-field_19-secondary\" class=\"wpforms-field-sublabel after\">Confirm Email<\/label><\/div><\/div><\/fieldset><\/div><div id=\"wpforms-1770-field_5-container\" class=\"wpforms-field wpforms-field-textarea\" data-field-id=\"5\"><label class=\"wpforms-field-label\" for=\"wpforms-1770-field_5\">Comments <span class=\"wpforms-required-label\" aria-hidden=\"true\">*<\/span><\/label><textarea id=\"wpforms-1770-field_5\" class=\"wpforms-field-large wpforms-field-required\" name=\"wpforms[fields][5]\" aria-errormessage=\"wpforms-1770-field_5-error\" required><\/textarea><\/div><div id=\"wpforms-1770-field_23-container\" class=\"wpforms-field wpforms-field-payment-checkbox wpforms-conditional-trigger\" data-field-id=\"23\"><fieldset><legend class=\"wpforms-field-label\">Contact Request<\/legend><ul id=\"wpforms-1770-field_23\"><li class=\"choice-1\"><input type=\"checkbox\" id=\"wpforms-1770-field_23_1\" class=\"wpforms-payment-price\" data-amount=\"0.00\" name=\"wpforms[fields][23][]\" value=\"1\" aria-errormessage=\"wpforms-1770-field_23_1-error\"  ><label class=\"wpforms-field-label-inline\" for=\"wpforms-1770-field_23_1\">I would like to get in contact with a particularly well-informed shareholder Data Processing<\/label><\/li><\/ul><\/fieldset><\/div><div id=\"wpforms-1770-field_29-container\" class=\"wpforms-field wpforms-field-text wpforms-conditional-field wpforms-conditional-show\" data-field-id=\"29\" style=\"display:none;\"><label class=\"wpforms-field-label\" for=\"wpforms-1770-field_29\">Telephone Number <span class=\"wpforms-required-label\" aria-hidden=\"true\">*<\/span><\/label><input type=\"text\" id=\"wpforms-1770-field_29\" class=\"wpforms-field-medium wpforms-field-required\" name=\"wpforms[fields][29]\" aria-errormessage=\"wpforms-1770-field_29-error\" required><\/div><div id=\"wpforms-1770-field_22-container\" class=\"wpforms-field wpforms-field-checkbox\" data-field-id=\"22\"><fieldset><legend class=\"wpforms-field-label\"> Datenverarbeitung <span class=\"wpforms-required-label\" aria-hidden=\"true\">*<\/span><\/legend><ul id=\"wpforms-1770-field_22\" class=\"wpforms-field-required\"><li class=\"choice-1 depth-1\"><input type=\"checkbox\" id=\"wpforms-1770-field_22_1\" name=\"wpforms[fields][22][]\" value=\"I accept the processing of personal data insofar as this is used to update my master data (address, telephone number, email) or to establish contact with an information intermediary.\" aria-errormessage=\"wpforms-1770-field_22_1-error\" aria-describedby=\"wpforms-1770-field_22-description\" required ><label class=\"wpforms-field-label-inline\" for=\"wpforms-1770-field_22_1\">I accept the processing of personal data insofar as this is used to update my master data (address, telephone number, email) or to establish contact with an information intermediary.<\/label><\/li><\/ul><div id=\"wpforms-1770-field_22-description\" class=\"wpforms-field-description\">The use of personal data can be revoked at any time by unilateral declaration (email to klage@alecto-capital.info).<\/div><\/fieldset><\/div><\/div><!-- .wpforms-field-container --><div class=\"wpforms-submit-container\" ><input type=\"hidden\" name=\"wpforms[id]\" value=\"1770\"><input type=\"hidden\" name=\"page_title\" value=\"\"><input type=\"hidden\" name=\"page_url\" value=\"https:\/\/alecto-capital.info\/en\/wp-json\/wp\/v2\/pages\/1781\"><input type=\"hidden\" name=\"url_referer\" value=\"\"><button type=\"submit\" name=\"wpforms[submit]\" id=\"wpforms-submit-1770\" class=\"wpforms-submit\" data-alt-text=\"Sending\u2026\" data-submit-text=\"Send\" aria-live=\"assertive\" value=\"wpforms-submit\">Send<\/button><img decoding=\"async\" src=\"https:\/\/alecto-capital.info\/wp-content\/plugins\/wpforms\/assets\/images\/submit-spin.svg\" class=\"wpforms-submit-spinner\" style=\"display: none;\" width=\"26\" height=\"26\" alt=\"Loading\"><\/div><\/form><\/div>  <!-- .wpforms-container --><\/div><\/div><\/div><\/div>\n","protected":false},"excerpt":{"rendered":"","protected":false},"author":1,"featured_media":0,"parent":0,"menu_order":0,"comment_status":"closed","ping_status":"closed","template":"100-width.php","meta":{"footnotes":""},"class_list":["post-1781","page","type-page","status-publish","hentry"],"yoast_head":"<!-- This site is optimized with the Yoast SEO plugin v25.4 - https:\/\/yoast.com\/wordpress\/plugins\/seo\/ -->\n<title>Contact-Alecto Capital LLC<\/title>\n<meta name=\"description\" content=\"Contact-Alecto Capital LLC: We look forward to hearing from you. Please fill out our contact form.\" \/>\n<meta name=\"robots\" content=\"index, follow, max-snippet:-1, max-image-preview:large, max-video-preview:-1\" \/>\n<link rel=\"canonical\" href=\"https:\/\/alecto-capital.info\/en\/contact\/\" \/>\n<meta property=\"og:locale\" content=\"en_US\" \/>\n<meta property=\"og:type\" content=\"article\" \/>\n<meta property=\"og:title\" content=\"Contact-Alecto Capital LLC\" \/>\n<meta property=\"og:description\" content=\"Contact-Alecto Capital LLC: We look forward to hearing from you. Please fill out our contact form.\" \/>\n<meta property=\"og:url\" content=\"https:\/\/alecto-capital.info\/en\/contact\/\" \/>\n<meta property=\"og:site_name\" content=\"Alecto Capital\" \/>\n<meta property=\"article:modified_time\" content=\"2024-11-14T21:37:16+00:00\" \/>\n<meta name=\"twitter:card\" content=\"summary_large_image\" \/>\n<meta name=\"twitter:label1\" content=\"Est. reading time\" \/>\n\t<meta name=\"twitter:data1\" content=\"1 minute\" \/>\n<script type=\"application\/ld+json\" class=\"yoast-schema-graph\">{\"@context\":\"https:\/\/schema.org\",\"@graph\":[{\"@type\":\"WebPage\",\"@id\":\"https:\/\/alecto-capital.info\/en\/contact\/\",\"url\":\"https:\/\/alecto-capital.info\/en\/contact\/\",\"name\":\"Contact-Alecto Capital LLC\",\"isPartOf\":{\"@id\":\"https:\/\/alecto-capital.info\/en\/#website\"},\"datePublished\":\"2024-06-28T16:07:51+00:00\",\"dateModified\":\"2024-11-14T21:37:16+00:00\",\"description\":\"Contact-Alecto Capital LLC: We look forward to hearing from you. Please fill out our contact form.\",\"breadcrumb\":{\"@id\":\"https:\/\/alecto-capital.info\/en\/contact\/#breadcrumb\"},\"inLanguage\":\"en-US\",\"potentialAction\":[{\"@type\":\"ReadAction\",\"target\":[\"https:\/\/alecto-capital.info\/en\/contact\/\"]}]},{\"@type\":\"BreadcrumbList\",\"@id\":\"https:\/\/alecto-capital.info\/en\/contact\/#breadcrumb\",\"itemListElement\":[{\"@type\":\"ListItem\",\"position\":1,\"name\":\"Startseite\",\"item\":\"https:\/\/alecto-capital.info\/en\/\"},{\"@type\":\"ListItem\",\"position\":2,\"name\":\"Contact\"}]},{\"@type\":\"WebSite\",\"@id\":\"https:\/\/alecto-capital.info\/en\/#website\",\"url\":\"https:\/\/alecto-capital.info\/en\/\",\"name\":\"Alecto Capital\",\"description\":\"Eine Gemeinschaft von \u00fcber 10.000 Aktion\u00e4ren als Vertreterin der Aktion\u00e4re der Deutsche Oel &amp; Gas S.A.\",\"publisher\":{\"@id\":\"https:\/\/alecto-capital.info\/en\/#organization\"},\"potentialAction\":[{\"@type\":\"SearchAction\",\"target\":{\"@type\":\"EntryPoint\",\"urlTemplate\":\"https:\/\/alecto-capital.info\/en\/?s={search_term_string}\"},\"query-input\":{\"@type\":\"PropertyValueSpecification\",\"valueRequired\":true,\"valueName\":\"search_term_string\"}}],\"inLanguage\":\"en-US\"},{\"@type\":\"Organization\",\"@id\":\"https:\/\/alecto-capital.info\/en\/#organization\",\"name\":\"Alecto Capital\",\"url\":\"https:\/\/alecto-capital.info\/en\/\",\"logo\":{\"@type\":\"ImageObject\",\"inLanguage\":\"en-US\",\"@id\":\"https:\/\/alecto-capital.info\/en\/#\/schema\/logo\/image\/\",\"url\":\"https:\/\/neu.alecto-capital.info\/wp-content\/uploads\/alecto-capital-logo.png\",\"contentUrl\":\"https:\/\/neu.alecto-capital.info\/wp-content\/uploads\/alecto-capital-logo.png\",\"width\":189,\"height\":41,\"caption\":\"Alecto Capital\"},\"image\":{\"@id\":\"https:\/\/alecto-capital.info\/en\/#\/schema\/logo\/image\/\"}}]}<\/script>\n<!-- \/ Yoast SEO plugin. -->","yoast_head_json":{"title":"Contact-Alecto Capital LLC","description":"Contact-Alecto Capital LLC: We look forward to hearing from you. Please fill out our contact form.","robots":{"index":"index","follow":"follow","max-snippet":"max-snippet:-1","max-image-preview":"max-image-preview:large","max-video-preview":"max-video-preview:-1"},"canonical":"https:\/\/alecto-capital.info\/en\/contact\/","og_locale":"en_US","og_type":"article","og_title":"Contact-Alecto Capital LLC","og_description":"Contact-Alecto Capital LLC: We look forward to hearing from you. Please fill out our contact form.","og_url":"https:\/\/alecto-capital.info\/en\/contact\/","og_site_name":"Alecto Capital","article_modified_time":"2024-11-14T21:37:16+00:00","twitter_card":"summary_large_image","twitter_misc":{"Est. reading time":"1 minute"},"schema":{"@context":"https:\/\/schema.org","@graph":[{"@type":"WebPage","@id":"https:\/\/alecto-capital.info\/en\/contact\/","url":"https:\/\/alecto-capital.info\/en\/contact\/","name":"Contact-Alecto Capital LLC","isPartOf":{"@id":"https:\/\/alecto-capital.info\/en\/#website"},"datePublished":"2024-06-28T16:07:51+00:00","dateModified":"2024-11-14T21:37:16+00:00","description":"Contact-Alecto Capital LLC: We look forward to hearing from you. Please fill out our contact form.","breadcrumb":{"@id":"https:\/\/alecto-capital.info\/en\/contact\/#breadcrumb"},"inLanguage":"en-US","potentialAction":[{"@type":"ReadAction","target":["https:\/\/alecto-capital.info\/en\/contact\/"]}]},{"@type":"BreadcrumbList","@id":"https:\/\/alecto-capital.info\/en\/contact\/#breadcrumb","itemListElement":[{"@type":"ListItem","position":1,"name":"Startseite","item":"https:\/\/alecto-capital.info\/en\/"},{"@type":"ListItem","position":2,"name":"Contact"}]},{"@type":"WebSite","@id":"https:\/\/alecto-capital.info\/en\/#website","url":"https:\/\/alecto-capital.info\/en\/","name":"Alecto Capital","description":"Eine Gemeinschaft von \u00fcber 10.000 Aktion\u00e4ren als Vertreterin der Aktion\u00e4re der Deutsche Oel &amp; Gas S.A.","publisher":{"@id":"https:\/\/alecto-capital.info\/en\/#organization"},"potentialAction":[{"@type":"SearchAction","target":{"@type":"EntryPoint","urlTemplate":"https:\/\/alecto-capital.info\/en\/?s={search_term_string}"},"query-input":{"@type":"PropertyValueSpecification","valueRequired":true,"valueName":"search_term_string"}}],"inLanguage":"en-US"},{"@type":"Organization","@id":"https:\/\/alecto-capital.info\/en\/#organization","name":"Alecto Capital","url":"https:\/\/alecto-capital.info\/en\/","logo":{"@type":"ImageObject","inLanguage":"en-US","@id":"https:\/\/alecto-capital.info\/en\/#\/schema\/logo\/image\/","url":"https:\/\/neu.alecto-capital.info\/wp-content\/uploads\/alecto-capital-logo.png","contentUrl":"https:\/\/neu.alecto-capital.info\/wp-content\/uploads\/alecto-capital-logo.png","width":189,"height":41,"caption":"Alecto Capital"},"image":{"@id":"https:\/\/alecto-capital.info\/en\/#\/schema\/logo\/image\/"}}]}},"_links":{"self":[{"href":"https:\/\/alecto-capital.info\/en\/wp-json\/wp\/v2\/pages\/1781","targetHints":{"allow":["GET"]}}],"collection":[{"href":"https:\/\/alecto-capital.info\/en\/wp-json\/wp\/v2\/pages"}],"about":[{"href":"https:\/\/alecto-capital.info\/en\/wp-json\/wp\/v2\/types\/page"}],"author":[{"embeddable":true,"href":"https:\/\/alecto-capital.info\/en\/wp-json\/wp\/v2\/users\/1"}],"replies":[{"embeddable":true,"href":"https:\/\/alecto-capital.info\/en\/wp-json\/wp\/v2\/comments?post=1781"}],"version-history":[{"count":2,"href":"https:\/\/alecto-capital.info\/en\/wp-json\/wp\/v2\/pages\/1781\/revisions"}],"predecessor-version":[{"id":1785,"href":"https:\/\/alecto-capital.info\/en\/wp-json\/wp\/v2\/pages\/1781\/revisions\/1785"}],"wp:attachment":[{"href":"https:\/\/alecto-capital.info\/en\/wp-json\/wp\/v2\/media?parent=1781"}],"curies":[{"name":"wp","href":"https:\/\/api.w.org\/{rel}","templated":true}]}}