{"id":1715,"date":"2024-07-09T17:55:14","date_gmt":"2024-07-09T15:55:14","guid":{"rendered":"https:\/\/alecto-capital.info\/newsletter\/"},"modified":"2024-11-21T15:26:50","modified_gmt":"2024-11-21T14:26:50","slug":"newsletter","status":"publish","type":"page","link":"https:\/\/alecto-capital.info\/en\/newsletter\/","title":{"rendered":"Newsletter"},"content":{"rendered":"<div class=\"fusion-fullwidth fullwidth-box fusion-builder-row-1 fusion-flex-container has-pattern-background has-mask-background nonhundred-percent-fullwidth non-hundred-percent-height-scrolling fusion-animated\" style=\"--awb-border-radius-top-left:0px;--awb-border-radius-top-right:0px;--awb-border-radius-bottom-right:0px;--awb-border-radius-bottom-left:0px;--awb-flex-wrap:wrap;\" data-animationType=\"fadeIn\" data-animationDuration=\"1.0\" data-animationOffset=\"top-into-view\" ><div class=\"fusion-builder-row fusion-row fusion-flex-align-items-flex-start fusion-flex-content-wrap\" style=\"max-width:1560px;margin-left: calc(-4% \/ 2 );margin-right: calc(-4% \/ 2 );\"><div class=\"fusion-layout-column fusion_builder_column fusion-builder-column-0 fusion_builder_column_1_1 1_1 fusion-flex-column\" style=\"--awb-bg-size:cover;--awb-width-large:100%;--awb-margin-top-large:0px;--awb-spacing-right-large:1.92%;--awb-margin-bottom-large:20px;--awb-spacing-left-large:1.92%;--awb-width-medium:100%;--awb-order-medium:0;--awb-spacing-right-medium:1.92%;--awb-spacing-left-medium:1.92%;--awb-width-small:100%;--awb-order-small:0;--awb-spacing-right-small:1.92%;--awb-spacing-left-small:1.92%;\"><div class=\"fusion-column-wrapper fusion-column-has-shadow fusion-flex-justify-content-flex-start fusion-content-layout-column\"><div class=\"fusion-title title fusion-title-1 fusion-sep-none fusion-title-text fusion-title-size-one\"><h1 class=\"fusion-title-heading title-heading-left fusion-responsive-typography-calculated\" style=\"margin:0;text-transform:uppercase;--fontSize:60;line-height:1.33;\">Newsletter<\/h1><\/div><script id=\"n2g_script\">!function(e,t,n,c,r,a,i){e.Newsletter2GoTrackingObject=r,e[r]=e[r]||function(){(e[r].q=e[r].q||[]).push(arguments)},e[r].l=1*new Date,a=t.createElement(n),i=t.getElementsByTagName(n)[0],a.async=1,a.src=c,i.parentNode.insertBefore(a,i)}(window,document,\"script\",\"https:\/\/static.newsletter2go.com\/utils.js\",\"n2g\");var config = {\"container\": {\"type\": \"div\",\"class\": \"\",\"style\": \"\"},\"row\": {\"type\": \"div\",\"class\": \"\",\"style\": \"margin-top: 15px;\"},\"columnLeft\": {\"type\": \"div\",\"class\": \"\",\"style\": \"\"},\"columnRight\": {\"type\": \"div\",\"class\": \"\",\"style\": \"\"},\"label\": {\"type\": \"label\",\"class\": \"\",\"style\": \"\"}};n2g('create', 'phnmnyvr-uq32jikn-1d67');n2g('subscribe:createForm', config);<\/script><div class=\"fusion-text fusion-text-1\" style=\"--awb-margin-top:100px;\"><h3>Newsletter unsubscribe<\/h3>\n<p>If you no longer wish to receive our newsletter, you <a href=\"https:\/\/unsubscribe.newsletter2go.com\/form.html?n2g=phnmnyvr-uq32jikn-1d67&amp;_ga=2.67524369.1418632347.1711441852-1134297898.1711441852\">can unsubscribe<\/a> here.<\/p>\n<\/div><\/div><\/div><\/div><\/div>\n","protected":false},"excerpt":{"rendered":"","protected":false},"author":2,"featured_media":0,"parent":0,"menu_order":0,"comment_status":"closed","ping_status":"closed","template":"100-width.php","meta":{"footnotes":""},"class_list":["post-1715","page","type-page","status-publish","hentry"],"yoast_head":"<!-- This site is optimized with the Yoast SEO plugin v25.4 - https:\/\/yoast.com\/wordpress\/plugins\/seo\/ -->\n<title>Newsletter - Alecto Capital<\/title>\n<meta name=\"description\" content=\"Newsletter. You can subscribe to our newsletter here. If you no longer wish to receive it, you can unsubscribe here.\" \/>\n<meta name=\"robots\" content=\"index, follow, max-snippet:-1, max-image-preview:large, max-video-preview:-1\" \/>\n<link rel=\"canonical\" href=\"https:\/\/alecto-capital.info\/en\/newsletter\/\" \/>\n<meta property=\"og:locale\" content=\"en_US\" \/>\n<meta property=\"og:type\" content=\"article\" \/>\n<meta property=\"og:title\" content=\"Newsletter - Alecto Capital\" \/>\n<meta property=\"og:description\" content=\"Newsletter. You can subscribe to our newsletter here. If you no longer wish to receive it, you can unsubscribe here.\" \/>\n<meta property=\"og:url\" content=\"https:\/\/alecto-capital.info\/en\/newsletter\/\" \/>\n<meta property=\"og:site_name\" content=\"Alecto Capital\" \/>\n<meta property=\"article:modified_time\" content=\"2024-11-21T14:26:50+00:00\" \/>\n<meta name=\"twitter:card\" content=\"summary_large_image\" \/>\n<meta name=\"twitter:label1\" content=\"Est. reading time\" \/>\n\t<meta name=\"twitter:data1\" content=\"1 minute\" \/>\n<script type=\"application\/ld+json\" class=\"yoast-schema-graph\">{\"@context\":\"https:\/\/schema.org\",\"@graph\":[{\"@type\":\"WebPage\",\"@id\":\"https:\/\/alecto-capital.info\/en\/newsletter\/\",\"url\":\"https:\/\/alecto-capital.info\/en\/newsletter\/\",\"name\":\"Newsletter - Alecto Capital\",\"isPartOf\":{\"@id\":\"https:\/\/alecto-capital.info\/en\/#website\"},\"datePublished\":\"2024-07-09T15:55:14+00:00\",\"dateModified\":\"2024-11-21T14:26:50+00:00\",\"description\":\"Newsletter. You can subscribe to our newsletter here. If you no longer wish to receive it, you can unsubscribe here.\",\"breadcrumb\":{\"@id\":\"https:\/\/alecto-capital.info\/en\/newsletter\/#breadcrumb\"},\"inLanguage\":\"en-US\",\"potentialAction\":[{\"@type\":\"ReadAction\",\"target\":[\"https:\/\/alecto-capital.info\/en\/newsletter\/\"]}]},{\"@type\":\"BreadcrumbList\",\"@id\":\"https:\/\/alecto-capital.info\/en\/newsletter\/#breadcrumb\",\"itemListElement\":[{\"@type\":\"ListItem\",\"position\":1,\"name\":\"Startseite\",\"item\":\"https:\/\/alecto-capital.info\/en\/\"},{\"@type\":\"ListItem\",\"position\":2,\"name\":\"Newsletter\"}]},{\"@type\":\"WebSite\",\"@id\":\"https:\/\/alecto-capital.info\/en\/#website\",\"url\":\"https:\/\/alecto-capital.info\/en\/\",\"name\":\"Alecto Capital\",\"description\":\"Eine Gemeinschaft von \u00fcber 10.000 Aktion\u00e4ren als Vertreterin der Aktion\u00e4re der Deutsche Oel &amp; Gas S.A.\",\"publisher\":{\"@id\":\"https:\/\/alecto-capital.info\/en\/#organization\"},\"potentialAction\":[{\"@type\":\"SearchAction\",\"target\":{\"@type\":\"EntryPoint\",\"urlTemplate\":\"https:\/\/alecto-capital.info\/en\/?s={search_term_string}\"},\"query-input\":{\"@type\":\"PropertyValueSpecification\",\"valueRequired\":true,\"valueName\":\"search_term_string\"}}],\"inLanguage\":\"en-US\"},{\"@type\":\"Organization\",\"@id\":\"https:\/\/alecto-capital.info\/en\/#organization\",\"name\":\"Alecto Capital\",\"url\":\"https:\/\/alecto-capital.info\/en\/\",\"logo\":{\"@type\":\"ImageObject\",\"inLanguage\":\"en-US\",\"@id\":\"https:\/\/alecto-capital.info\/en\/#\/schema\/logo\/image\/\",\"url\":\"https:\/\/neu.alecto-capital.info\/wp-content\/uploads\/alecto-capital-logo.png\",\"contentUrl\":\"https:\/\/neu.alecto-capital.info\/wp-content\/uploads\/alecto-capital-logo.png\",\"width\":189,\"height\":41,\"caption\":\"Alecto Capital\"},\"image\":{\"@id\":\"https:\/\/alecto-capital.info\/en\/#\/schema\/logo\/image\/\"}}]}<\/script>\n<!-- \/ Yoast SEO plugin. -->","yoast_head_json":{"title":"Newsletter - Alecto Capital","description":"Newsletter. You can subscribe to our newsletter here. If you no longer wish to receive it, you can unsubscribe here.","robots":{"index":"index","follow":"follow","max-snippet":"max-snippet:-1","max-image-preview":"max-image-preview:large","max-video-preview":"max-video-preview:-1"},"canonical":"https:\/\/alecto-capital.info\/en\/newsletter\/","og_locale":"en_US","og_type":"article","og_title":"Newsletter - Alecto Capital","og_description":"Newsletter. You can subscribe to our newsletter here. If you no longer wish to receive it, you can unsubscribe here.","og_url":"https:\/\/alecto-capital.info\/en\/newsletter\/","og_site_name":"Alecto Capital","article_modified_time":"2024-11-21T14:26:50+00:00","twitter_card":"summary_large_image","twitter_misc":{"Est. reading time":"1 minute"},"schema":{"@context":"https:\/\/schema.org","@graph":[{"@type":"WebPage","@id":"https:\/\/alecto-capital.info\/en\/newsletter\/","url":"https:\/\/alecto-capital.info\/en\/newsletter\/","name":"Newsletter - Alecto Capital","isPartOf":{"@id":"https:\/\/alecto-capital.info\/en\/#website"},"datePublished":"2024-07-09T15:55:14+00:00","dateModified":"2024-11-21T14:26:50+00:00","description":"Newsletter. You can subscribe to our newsletter here. If you no longer wish to receive it, you can unsubscribe here.","breadcrumb":{"@id":"https:\/\/alecto-capital.info\/en\/newsletter\/#breadcrumb"},"inLanguage":"en-US","potentialAction":[{"@type":"ReadAction","target":["https:\/\/alecto-capital.info\/en\/newsletter\/"]}]},{"@type":"BreadcrumbList","@id":"https:\/\/alecto-capital.info\/en\/newsletter\/#breadcrumb","itemListElement":[{"@type":"ListItem","position":1,"name":"Startseite","item":"https:\/\/alecto-capital.info\/en\/"},{"@type":"ListItem","position":2,"name":"Newsletter"}]},{"@type":"WebSite","@id":"https:\/\/alecto-capital.info\/en\/#website","url":"https:\/\/alecto-capital.info\/en\/","name":"Alecto Capital","description":"Eine Gemeinschaft von \u00fcber 10.000 Aktion\u00e4ren als Vertreterin der Aktion\u00e4re der Deutsche Oel &amp; Gas S.A.","publisher":{"@id":"https:\/\/alecto-capital.info\/en\/#organization"},"potentialAction":[{"@type":"SearchAction","target":{"@type":"EntryPoint","urlTemplate":"https:\/\/alecto-capital.info\/en\/?s={search_term_string}"},"query-input":{"@type":"PropertyValueSpecification","valueRequired":true,"valueName":"search_term_string"}}],"inLanguage":"en-US"},{"@type":"Organization","@id":"https:\/\/alecto-capital.info\/en\/#organization","name":"Alecto Capital","url":"https:\/\/alecto-capital.info\/en\/","logo":{"@type":"ImageObject","inLanguage":"en-US","@id":"https:\/\/alecto-capital.info\/en\/#\/schema\/logo\/image\/","url":"https:\/\/neu.alecto-capital.info\/wp-content\/uploads\/alecto-capital-logo.png","contentUrl":"https:\/\/neu.alecto-capital.info\/wp-content\/uploads\/alecto-capital-logo.png","width":189,"height":41,"caption":"Alecto Capital"},"image":{"@id":"https:\/\/alecto-capital.info\/en\/#\/schema\/logo\/image\/"}}]}},"_links":{"self":[{"href":"https:\/\/alecto-capital.info\/en\/wp-json\/wp\/v2\/pages\/1715","targetHints":{"allow":["GET"]}}],"collection":[{"href":"https:\/\/alecto-capital.info\/en\/wp-json\/wp\/v2\/pages"}],"about":[{"href":"https:\/\/alecto-capital.info\/en\/wp-json\/wp\/v2\/types\/page"}],"author":[{"embeddable":true,"href":"https:\/\/alecto-capital.info\/en\/wp-json\/wp\/v2\/users\/2"}],"replies":[{"embeddable":true,"href":"https:\/\/alecto-capital.info\/en\/wp-json\/wp\/v2\/comments?post=1715"}],"version-history":[{"count":6,"href":"https:\/\/alecto-capital.info\/en\/wp-json\/wp\/v2\/pages\/1715\/revisions"}],"predecessor-version":[{"id":1793,"href":"https:\/\/alecto-capital.info\/en\/wp-json\/wp\/v2\/pages\/1715\/revisions\/1793"}],"wp:attachment":[{"href":"https:\/\/alecto-capital.info\/en\/wp-json\/wp\/v2\/media?parent=1715"}],"curies":[{"name":"wp","href":"https:\/\/api.w.org\/{rel}","templated":true}]}}