{"id":1710,"date":"2024-06-25T22:21:34","date_gmt":"2024-06-25T20:21:34","guid":{"rendered":"https:\/\/alecto-capital.info\/media\/"},"modified":"2024-11-21T16:27:11","modified_gmt":"2024-11-21T15:27:11","slug":"media","status":"publish","type":"page","link":"https:\/\/alecto-capital.info\/en\/media\/","title":{"rendered":"Media"},"content":{"rendered":"<p><div class=\"fusion-fullwidth fullwidth-box fusion-builder-row-1 fusion-flex-container has-pattern-background has-mask-background fusion-parallax-none nonhundred-percent-fullwidth non-hundred-percent-height-scrolling fusion-no-small-visibility fusion-no-medium-visibility fusion-animated fusion-custom-z-index\" style=\"--awb-background-position:left top;--awb-background-position-small:left top;--awb-border-radius-top-left:0px;--awb-border-radius-top-right:0px;--awb-border-radius-bottom-right:0px;--awb-border-radius-bottom-left:0px;--awb-z-index:1000;--awb-padding-right:0px;--awb-padding-bottom:0px;--awb-padding-left:0px;--awb-margin-top:0px;--awb-margin-bottom:0px;--awb-background-image:url(&quot;https:\/\/alecto-capital.info\/wp-content\/uploads\/alecto-capital-video-header.jpg&quot;);--awb-background-size:contain;--awb-background-size-small:contain;--awb-flex-wrap:wrap;\" data-animationType=\"fadeIn\" data-animationDuration=\"1.0\" data-animationOffset=\"top-into-view\" ><div class=\"fusion-builder-row fusion-row fusion-flex-align-items-flex-start fusion-flex-content-wrap\" style=\"max-width:1560px;margin-left: calc(-4% \/ 2 );margin-right: calc(-4% \/ 2 );\"><div class=\"fusion-layout-column fusion_builder_column fusion-builder-column-0 fusion_builder_column_1_2 1_2 fusion-flex-column\" style=\"--awb-padding-bottom:603px;--awb-padding-bottom-small:197px;--awb-bg-size:contain;--awb-width-large:50%;--awb-margin-top-large:0px;--awb-spacing-right-large:0%;--awb-margin-bottom-large:20px;--awb-spacing-left-large:0%;--awb-width-medium:50%;--awb-order-medium:0;--awb-spacing-right-medium:0%;--awb-spacing-left-medium:0%;--awb-width-small:100%;--awb-order-small:0;--awb-spacing-right-small:1.92%;--awb-spacing-left-small:1.92%;\" data-scroll-devices=\"small-visibility,medium-visibility,large-visibility\"><div class=\"fusion-column-wrapper fusion-column-has-shadow fusion-flex-justify-content-space-between fusion-content-layout-row\"><\/div><\/div><div class=\"fusion-layout-column fusion_builder_column fusion-builder-column-1 fusion_builder_column_1_2 1_2 fusion-flex-column\" style=\"--awb-padding-top-medium:92px;--awb-padding-bottom-medium:0px;--awb-padding-left-medium:0px;--awb-padding-top-small:0px;--awb-padding-right-small:30px;--awb-padding-left-small:30px;--awb-bg-size:contain;--awb-width-large:50%;--awb-margin-top-large:0px;--awb-spacing-right-large:13.44%;--awb-margin-bottom-large:327px;--awb-spacing-left-large:70px;--awb-width-medium:50%;--awb-order-medium:0;--awb-spacing-right-medium:13.44%;--awb-spacing-left-medium:52px;--awb-width-small:100%;--awb-order-small:0;--awb-margin-top-small:59px;--awb-spacing-right-small:1.92%;--awb-margin-bottom-small:39px;--awb-spacing-left-small:1.92%;\" data-scroll-devices=\"small-visibility,medium-visibility,large-visibility\"><div class=\"fusion-column-wrapper fusion-column-has-shadow fusion-flex-justify-content-flex-start fusion-content-layout-column\"><div class=\"fusion-title title fusion-title-1 fusion-sep-none fusion-title-text fusion-title-size-one\" style=\"--awb-margin-top:380px;--awb-margin-top-small:0px;--awb-margin-top-medium:200px;--awb-sep-color:var(--awb-color7);\"><h1 class=\"fusion-title-heading title-heading-left fusion-responsive-typography-calculated\" style=\"margin:0;--fontSize:60;line-height:1.33;\">MEDIA<\/h1><\/div><div class=\"fusion-text fusion-text-1\" style=\"--awb-margin-top:30px;\"><p>Welcome to our media page. Here you will find a comprehensive collection of all relevant content about our joint efforts for justice. Discover podcasts, video podcasts, and specially prepared content for media representatives. We invite you to view our media content and learn more about our history, challenges, and successes. Stay informed and join us on our journey.<\/p>\n<\/div><\/div><\/div><\/div><\/div><div class=\"fusion-fullwidth fullwidth-box fusion-builder-row-2 fusion-flex-container has-pattern-background has-mask-background nonhundred-percent-fullwidth non-hundred-percent-height-scrolling fusion-no-large-visibility fusion-animated fusion-custom-z-index\" style=\"--awb-background-position:left top;--awb-background-position-small:left top;--awb-border-radius-top-left:0px;--awb-border-radius-top-right:0px;--awb-border-radius-bottom-right:0px;--awb-border-radius-bottom-left:0px;--awb-z-index:1000;--awb-padding-right:0px;--awb-padding-bottom:0px;--awb-padding-left:0px;--awb-margin-top:0px;--awb-margin-bottom:0px;--awb-background-image-medium:url(&#039;https:\/\/alecto-capital.info\/wp-content\/uploads\/alecto-capital-video-header-mobil.jpg&#039;);--awb-background-image-small:url(&#039;https:\/\/alecto-capital.info\/wp-content\/uploads\/alecto-capital-video-header-mobil.jpg&#039;);--awb-background-size:contain;--awb-background-size-small:contain;--awb-flex-wrap:wrap;\" data-animationType=\"fadeIn\" data-animationDuration=\"1.0\" data-animationOffset=\"top-into-view\" ><div class=\"fusion-builder-row fusion-row fusion-flex-align-items-flex-start fusion-flex-content-wrap\" style=\"max-width:1560px;margin-left: calc(-4% \/ 2 );margin-right: calc(-4% \/ 2 );\"><div class=\"fusion-layout-column fusion_builder_column fusion-builder-column-2 fusion_builder_column_1_1 1_1 fusion-flex-column\" style=\"--awb-padding-top-medium:92px;--awb-padding-bottom-medium:0px;--awb-padding-left-medium:0px;--awb-padding-top-small:0px;--awb-padding-right-small:30px;--awb-padding-left-small:30px;--awb-bg-size:contain;--awb-width-large:100%;--awb-margin-top-large:0px;--awb-spacing-right-large:6.72%;--awb-margin-bottom-large:327px;--awb-spacing-left-large:70px;--awb-width-medium:100%;--awb-order-medium:0;--awb-margin-top-medium:88px;--awb-spacing-right-medium:6.72%;--awb-margin-bottom-medium:99px;--awb-spacing-left-medium:52px;--awb-width-small:100%;--awb-order-small:0;--awb-margin-top-small:220px;--awb-spacing-right-small:1.92%;--awb-margin-bottom-small:39px;--awb-spacing-left-small:1.92%;\" data-scroll-devices=\"small-visibility,medium-visibility,large-visibility\"><div class=\"fusion-column-wrapper fusion-column-has-shadow fusion-flex-justify-content-flex-start fusion-content-layout-column\"><div class=\"fusion-title title fusion-title-2 fusion-sep-none fusion-title-text fusion-title-size-one\" style=\"--awb-margin-top:380px;--awb-margin-top-small:0px;--awb-margin-top-medium:200px;--awb-sep-color:var(--awb-color7);\"><h1 class=\"fusion-title-heading title-heading-left fusion-responsive-typography-calculated\" style=\"margin:0;--fontSize:60;line-height:1.33;\">MEDIA<\/h1><\/div><div class=\"fusion-text fusion-text-2\" style=\"--awb-margin-top:30px;\"><p>Welcome to our media page. Here you will find a comprehensive collection of all relevant content about our joint efforts for justice. Discover podcasts, video podcasts, and specially prepared content for media representatives. We invite you to view our media content and learn more about our history, challenges, and successes. Stay informed and join us on our journey.<\/p>\n<\/div><\/div><\/div><\/div><\/div><div class=\"fusion-fullwidth fullwidth-box fusion-builder-row-3 fusion-flex-container has-pattern-background has-mask-background nonhundred-percent-fullwidth non-hundred-percent-height-scrolling fusion-animated\" style=\"--awb-border-radius-top-left:0px;--awb-border-radius-top-right:0px;--awb-border-radius-bottom-right:0px;--awb-border-radius-bottom-left:0px;--awb-margin-top:30px;--awb-flex-wrap:wrap;\" data-animationType=\"fadeIn\" data-animationDuration=\"1.0\" data-animationOffset=\"top-into-view\" ><div class=\"fusion-builder-row fusion-row fusion-flex-align-items-flex-start fusion-flex-content-wrap\" style=\"max-width:1560px;margin-left: calc(-4% \/ 2 );margin-right: calc(-4% \/ 2 );\"><div class=\"fusion-layout-column fusion_builder_column fusion-builder-column-3 fusion_builder_column_1_1 1_1 fusion-flex-column\" style=\"--awb-bg-size:cover;--awb-width-large:100%;--awb-margin-top-large:0px;--awb-spacing-right-large:1.92%;--awb-margin-bottom-large:20px;--awb-spacing-left-large:1.92%;--awb-width-medium:100%;--awb-order-medium:0;--awb-spacing-right-medium:1.92%;--awb-spacing-left-medium:1.92%;--awb-width-small:100%;--awb-order-small:0;--awb-spacing-right-small:1.92%;--awb-spacing-left-small:1.92%;\"><div class=\"fusion-column-wrapper fusion-column-has-shadow fusion-flex-justify-content-flex-start fusion-content-layout-column\"><div class=\"fusion-title title fusion-title-3 fusion-sep-none fusion-title-text fusion-title-size-two\" style=\"--awb-margin-bottom:50px;\"><h2 class=\"fusion-title-heading title-heading-left fusion-responsive-typography-calculated\" style=\"margin:0;text-transform:uppercase;--fontSize:40;line-height:1.45;\">Video-Podcast<\/h2><\/div><\/div><\/div><\/div><\/div><\/p>\n","protected":false},"excerpt":{"rendered":"","protected":false},"author":1,"featured_media":0,"parent":0,"menu_order":0,"comment_status":"closed","ping_status":"closed","template":"100-width.php","meta":{"footnotes":""},"class_list":["post-1710","page","type-page","status-publish","hentry"],"yoast_head":"<!-- This site is optimized with the Yoast SEO plugin v25.4 - https:\/\/yoast.com\/wordpress\/plugins\/seo\/ -->\n<title>Media Collection of Alecto Capital<\/title>\n<meta name=\"description\" content=\"Media collection of Alecto Capital: videos, podcasts with Kay Rieck and specially prepared content for media representatives.\" \/>\n<meta name=\"robots\" content=\"index, follow, max-snippet:-1, max-image-preview:large, max-video-preview:-1\" \/>\n<link rel=\"canonical\" href=\"https:\/\/alecto-capital.info\/en\/media\/\" \/>\n<meta property=\"og:locale\" content=\"en_US\" \/>\n<meta property=\"og:type\" content=\"article\" \/>\n<meta property=\"og:title\" content=\"Media Collection of Alecto Capital\" \/>\n<meta property=\"og:description\" content=\"Media collection of Alecto Capital: videos, podcasts with Kay Rieck and specially prepared content for media representatives.\" \/>\n<meta property=\"og:url\" content=\"https:\/\/alecto-capital.info\/en\/media\/\" \/>\n<meta property=\"og:site_name\" content=\"Alecto Capital\" \/>\n<meta property=\"article:modified_time\" content=\"2024-11-21T15:27:11+00:00\" \/>\n<meta name=\"twitter:card\" content=\"summary_large_image\" \/>\n<meta name=\"twitter:label1\" content=\"Est. reading time\" \/>\n\t<meta name=\"twitter:data1\" content=\"3 minutes\" \/>\n<script type=\"application\/ld+json\" class=\"yoast-schema-graph\">{\"@context\":\"https:\/\/schema.org\",\"@graph\":[{\"@type\":\"WebPage\",\"@id\":\"https:\/\/alecto-capital.info\/en\/media\/\",\"url\":\"https:\/\/alecto-capital.info\/en\/media\/\",\"name\":\"Media Collection of Alecto Capital\",\"isPartOf\":{\"@id\":\"https:\/\/alecto-capital.info\/en\/#website\"},\"datePublished\":\"2024-06-25T20:21:34+00:00\",\"dateModified\":\"2024-11-21T15:27:11+00:00\",\"description\":\"Media collection of Alecto Capital: videos, podcasts with Kay Rieck and specially prepared content for media representatives.\",\"breadcrumb\":{\"@id\":\"https:\/\/alecto-capital.info\/en\/media\/#breadcrumb\"},\"inLanguage\":\"en-US\",\"potentialAction\":[{\"@type\":\"ReadAction\",\"target\":[\"https:\/\/alecto-capital.info\/en\/media\/\"]}]},{\"@type\":\"BreadcrumbList\",\"@id\":\"https:\/\/alecto-capital.info\/en\/media\/#breadcrumb\",\"itemListElement\":[{\"@type\":\"ListItem\",\"position\":1,\"name\":\"Startseite\",\"item\":\"https:\/\/alecto-capital.info\/en\/\"},{\"@type\":\"ListItem\",\"position\":2,\"name\":\"Media\"}]},{\"@type\":\"WebSite\",\"@id\":\"https:\/\/alecto-capital.info\/en\/#website\",\"url\":\"https:\/\/alecto-capital.info\/en\/\",\"name\":\"Alecto Capital\",\"description\":\"Eine Gemeinschaft von \u00fcber 10.000 Aktion\u00e4ren als Vertreterin der Aktion\u00e4re der Deutsche Oel &amp; Gas S.A.\",\"publisher\":{\"@id\":\"https:\/\/alecto-capital.info\/en\/#organization\"},\"potentialAction\":[{\"@type\":\"SearchAction\",\"target\":{\"@type\":\"EntryPoint\",\"urlTemplate\":\"https:\/\/alecto-capital.info\/en\/?s={search_term_string}\"},\"query-input\":{\"@type\":\"PropertyValueSpecification\",\"valueRequired\":true,\"valueName\":\"search_term_string\"}}],\"inLanguage\":\"en-US\"},{\"@type\":\"Organization\",\"@id\":\"https:\/\/alecto-capital.info\/en\/#organization\",\"name\":\"Alecto Capital\",\"url\":\"https:\/\/alecto-capital.info\/en\/\",\"logo\":{\"@type\":\"ImageObject\",\"inLanguage\":\"en-US\",\"@id\":\"https:\/\/alecto-capital.info\/en\/#\/schema\/logo\/image\/\",\"url\":\"https:\/\/neu.alecto-capital.info\/wp-content\/uploads\/alecto-capital-logo.png\",\"contentUrl\":\"https:\/\/neu.alecto-capital.info\/wp-content\/uploads\/alecto-capital-logo.png\",\"width\":189,\"height\":41,\"caption\":\"Alecto Capital\"},\"image\":{\"@id\":\"https:\/\/alecto-capital.info\/en\/#\/schema\/logo\/image\/\"}}]}<\/script>\n<!-- \/ Yoast SEO plugin. -->","yoast_head_json":{"title":"Media Collection of Alecto Capital","description":"Media collection of Alecto Capital: videos, podcasts with Kay Rieck and specially prepared content for media representatives.","robots":{"index":"index","follow":"follow","max-snippet":"max-snippet:-1","max-image-preview":"max-image-preview:large","max-video-preview":"max-video-preview:-1"},"canonical":"https:\/\/alecto-capital.info\/en\/media\/","og_locale":"en_US","og_type":"article","og_title":"Media Collection of Alecto Capital","og_description":"Media collection of Alecto Capital: videos, podcasts with Kay Rieck and specially prepared content for media representatives.","og_url":"https:\/\/alecto-capital.info\/en\/media\/","og_site_name":"Alecto Capital","article_modified_time":"2024-11-21T15:27:11+00:00","twitter_card":"summary_large_image","twitter_misc":{"Est. reading time":"3 minutes"},"schema":{"@context":"https:\/\/schema.org","@graph":[{"@type":"WebPage","@id":"https:\/\/alecto-capital.info\/en\/media\/","url":"https:\/\/alecto-capital.info\/en\/media\/","name":"Media Collection of Alecto Capital","isPartOf":{"@id":"https:\/\/alecto-capital.info\/en\/#website"},"datePublished":"2024-06-25T20:21:34+00:00","dateModified":"2024-11-21T15:27:11+00:00","description":"Media collection of Alecto Capital: videos, podcasts with Kay Rieck and specially prepared content for media representatives.","breadcrumb":{"@id":"https:\/\/alecto-capital.info\/en\/media\/#breadcrumb"},"inLanguage":"en-US","potentialAction":[{"@type":"ReadAction","target":["https:\/\/alecto-capital.info\/en\/media\/"]}]},{"@type":"BreadcrumbList","@id":"https:\/\/alecto-capital.info\/en\/media\/#breadcrumb","itemListElement":[{"@type":"ListItem","position":1,"name":"Startseite","item":"https:\/\/alecto-capital.info\/en\/"},{"@type":"ListItem","position":2,"name":"Media"}]},{"@type":"WebSite","@id":"https:\/\/alecto-capital.info\/en\/#website","url":"https:\/\/alecto-capital.info\/en\/","name":"Alecto Capital","description":"Eine Gemeinschaft von \u00fcber 10.000 Aktion\u00e4ren als Vertreterin der Aktion\u00e4re der Deutsche Oel &amp; Gas S.A.","publisher":{"@id":"https:\/\/alecto-capital.info\/en\/#organization"},"potentialAction":[{"@type":"SearchAction","target":{"@type":"EntryPoint","urlTemplate":"https:\/\/alecto-capital.info\/en\/?s={search_term_string}"},"query-input":{"@type":"PropertyValueSpecification","valueRequired":true,"valueName":"search_term_string"}}],"inLanguage":"en-US"},{"@type":"Organization","@id":"https:\/\/alecto-capital.info\/en\/#organization","name":"Alecto Capital","url":"https:\/\/alecto-capital.info\/en\/","logo":{"@type":"ImageObject","inLanguage":"en-US","@id":"https:\/\/alecto-capital.info\/en\/#\/schema\/logo\/image\/","url":"https:\/\/neu.alecto-capital.info\/wp-content\/uploads\/alecto-capital-logo.png","contentUrl":"https:\/\/neu.alecto-capital.info\/wp-content\/uploads\/alecto-capital-logo.png","width":189,"height":41,"caption":"Alecto Capital"},"image":{"@id":"https:\/\/alecto-capital.info\/en\/#\/schema\/logo\/image\/"}}]}},"_links":{"self":[{"href":"https:\/\/alecto-capital.info\/en\/wp-json\/wp\/v2\/pages\/1710","targetHints":{"allow":["GET"]}}],"collection":[{"href":"https:\/\/alecto-capital.info\/en\/wp-json\/wp\/v2\/pages"}],"about":[{"href":"https:\/\/alecto-capital.info\/en\/wp-json\/wp\/v2\/types\/page"}],"author":[{"embeddable":true,"href":"https:\/\/alecto-capital.info\/en\/wp-json\/wp\/v2\/users\/1"}],"replies":[{"embeddable":true,"href":"https:\/\/alecto-capital.info\/en\/wp-json\/wp\/v2\/comments?post=1710"}],"version-history":[{"count":7,"href":"https:\/\/alecto-capital.info\/en\/wp-json\/wp\/v2\/pages\/1710\/revisions"}],"predecessor-version":[{"id":1817,"href":"https:\/\/alecto-capital.info\/en\/wp-json\/wp\/v2\/pages\/1710\/revisions\/1817"}],"wp:attachment":[{"href":"https:\/\/alecto-capital.info\/en\/wp-json\/wp\/v2\/media?parent=1710"}],"curies":[{"name":"wp","href":"https:\/\/api.w.org\/{rel}","templated":true}]}}